{"id":16257,"date":"2021-01-25T10:15:19","date_gmt":"2021-01-25T09:15:19","guid":{"rendered":"http:\/\/biblioteka-strumien.pl\/?page_id=16257"},"modified":"2025-07-10T12:55:21","modified_gmt":"2025-07-10T10:55:21","slug":"rodo-3","status":"publish","type":"page","link":"https:\/\/www.biblioteka-strumien.pl\/index.php\/rodo-3\/","title":{"rendered":"RODO"},"content":{"rendered":"<p><strong>RODO<\/strong><\/p>\n<p>Administratorem Danych Osobowych (Administratorem) jest<\/p>\n<p><strong>MIEJSKA BIBLIOTEKA PUBLICZNA W STRUMIENIU,<br \/>\n<\/strong>ul. M\u0142y\u0144ska 10, 43-246 Strumie\u0144,<br \/>\ntel. 33 85 70 045,<br \/>\ne-mail: <a href=\"mailto:biblioteka@um.strumien.pl\" target=\"_blank\" rel=\"noreferrer noopener\">biblioteka@um.strumien.pl<\/a><\/p>\n<p>Inspektorem Ochrony Danych jest<\/p>\n<p>Marek Krupa<\/p>\n<p>e-mail: marek@twojabi.net<\/p>\n<p>Dane osobowe s\u0105 przetwarzane przez Administratora:<\/p>\n<ol>\n<li>w celu wypo\u017cyczania ksi\u0105\u017cek zgodnie z Ustaw\u0105 z dnia 27.06.1997 r o bibliotekach;<\/li>\n<li>gdy jest to niezb\u0119dne do wykonywania zadania realizowanego w interesie publicznym;<\/li>\n<li>na podstawie zgody \u2013 wy\u0142\u0105cznie w celu wskazanym w tre\u015bci udzielonej zgody.<\/li>\n<\/ol>\n<p>Dane osobowe b\u0119d\u0105 przechowywane przez okres wynikaj\u0105cy z przepis\u00f3w prawa, umowy oraz po zako\u0144czeniu umowy w celu wype\u0142nienia obowi\u0105zku prawnego ci\u0105\u017c\u0105cego na Administratorze. Ka\u017cda osoba, kt\u00f3rej dane dotycz\u0105 ma prawo dost\u0119pu do tre\u015bci swoich danych, ich sprostowania, pobrania, usuni\u0119cia, ograniczenia przetwarzania, prawo do przenoszenia danych, prawo do wniesienia sprzeciwu, prawo do cofni\u0119cia zgody w dowolnym momencie. Osoba, kt\u00f3rej dane dotycz\u0105 ma prawo do wniesienia skargi do Organu Kontroluj\u0105cego, gdy uzna, i\u017c przetwarzanie danych osobowych jej dotycz\u0105cych narusza przepisy og\u00f3lnego rozporz\u0105dzenia o ochronie danych osobowych z dnia 27 kwietnia 2016 roku. Dane b\u0119d\u0105 przekazywane innym odbiorcom wy\u0142\u0105cznie w przypadku wyst\u0105pienia obowi\u0105zku prawnego.\u00a0Dane nie b\u0119d\u0105 przekazywane do pa\u0144stw trzecich.<\/p>\n","protected":false},"excerpt":{"rendered":"<p>RODO Administratorem Danych Osobowych (Administratorem) jest MIEJSKA BIBLIOTEKA PUBLICZNA W STRUMIENIU, ul. M\u0142y\u0144ska 10, 43-246 Strumie\u0144, tel. 33 85 70 045, e-mail: biblioteka@um.strumien.pl Inspektorem Ochrony Danych jest Marek Krupa e-mail: marek@twojabi.net Dane osobowe s\u0105 przetwarzane przez Administratora: w celu wypo\u017cyczania ksi\u0105\u017cek zgodnie z Ustaw\u0105 z dnia 27.06.1997 r o bibliotekach; gdy jest to niezb\u0119dne do&#8230;<\/p>\n","protected":false},"author":1,"featured_media":0,"parent":0,"menu_order":0,"comment_status":"closed","ping_status":"closed","template":"","meta":{"ngg_post_thumbnail":0,"_kad_post_transparent":"","_kad_post_title":"","_kad_post_layout":"","_kad_post_sidebar_id":"","_kad_post_content_style":"","_kad_post_vertical_padding":"","_kad_post_feature":"","_kad_post_feature_position":"","_kad_post_header":false,"_kad_post_footer":false,"_kad_post_classname":"","footnotes":""},"class_list":["post-16257","page","type-page","status-publish","hentry"],"_links":{"self":[{"href":"https:\/\/www.biblioteka-strumien.pl\/index.php\/wp-json\/wp\/v2\/pages\/16257","targetHints":{"allow":["GET"]}}],"collection":[{"href":"https:\/\/www.biblioteka-strumien.pl\/index.php\/wp-json\/wp\/v2\/pages"}],"about":[{"href":"https:\/\/www.biblioteka-strumien.pl\/index.php\/wp-json\/wp\/v2\/types\/page"}],"author":[{"embeddable":true,"href":"https:\/\/www.biblioteka-strumien.pl\/index.php\/wp-json\/wp\/v2\/users\/1"}],"replies":[{"embeddable":true,"href":"https:\/\/www.biblioteka-strumien.pl\/index.php\/wp-json\/wp\/v2\/comments?post=16257"}],"version-history":[{"count":0,"href":"https:\/\/www.biblioteka-strumien.pl\/index.php\/wp-json\/wp\/v2\/pages\/16257\/revisions"}],"wp:attachment":[{"href":"https:\/\/www.biblioteka-strumien.pl\/index.php\/wp-json\/wp\/v2\/media?parent=16257"}],"curies":[{"name":"wp","href":"https:\/\/api.w.org\/{rel}","templated":true}]}}