{"id":18108,"date":"2025-03-24T09:44:36","date_gmt":"2025-03-24T08:44:36","guid":{"rendered":"https:\/\/biblioteka-strumien.pl\/?page_id=18108"},"modified":"2025-03-24T09:44:36","modified_gmt":"2025-03-24T08:44:36","slug":"regulaminy","status":"publish","type":"page","link":"https:\/\/www.biblioteka-strumien.pl\/index.php\/regulaminy\/","title":{"rendered":"REGULAMINY"},"content":{"rendered":"<p><a href=\"https:\/\/biblioteka-strumien.pl\/wp-content\/uploads\/2025\/03\/Procedura-wejscia-do-budynku-Biblioteki-Publicznej-w-Strumieniu-osoby-niepelnosprawnej-z-psem-asystujacym.pdf\" target=\"_blank\" rel=\"noopener\">Procedura wej\u015bcia do budynku Biblioteki Publicznej w Strumieniu osoby niepe\u0142nosprawnej z psem asystuj\u0105cym<\/a><\/p>\n","protected":false},"excerpt":{"rendered":"<p>Procedura wej\u015bcia do budynku Biblioteki Publicznej w Strumieniu osoby niepe\u0142nosprawnej z psem asystuj\u0105cym<\/p>\n","protected":false},"author":4,"featured_media":0,"parent":0,"menu_order":0,"comment_status":"closed","ping_status":"closed","template":"","meta":{"ngg_post_thumbnail":0,"_kad_post_transparent":"","_kad_post_title":"","_kad_post_layout":"","_kad_post_sidebar_id":"","_kad_post_content_style":"","_kad_post_vertical_padding":"","_kad_post_feature":"","_kad_post_feature_position":"","_kad_post_header":false,"_kad_post_footer":false,"_kad_post_classname":"","footnotes":""},"class_list":["post-18108","page","type-page","status-publish","hentry"],"_links":{"self":[{"href":"https:\/\/www.biblioteka-strumien.pl\/index.php\/wp-json\/wp\/v2\/pages\/18108","targetHints":{"allow":["GET"]}}],"collection":[{"href":"https:\/\/www.biblioteka-strumien.pl\/index.php\/wp-json\/wp\/v2\/pages"}],"about":[{"href":"https:\/\/www.biblioteka-strumien.pl\/index.php\/wp-json\/wp\/v2\/types\/page"}],"author":[{"embeddable":true,"href":"https:\/\/www.biblioteka-strumien.pl\/index.php\/wp-json\/wp\/v2\/users\/4"}],"replies":[{"embeddable":true,"href":"https:\/\/www.biblioteka-strumien.pl\/index.php\/wp-json\/wp\/v2\/comments?post=18108"}],"version-history":[{"count":0,"href":"https:\/\/www.biblioteka-strumien.pl\/index.php\/wp-json\/wp\/v2\/pages\/18108\/revisions"}],"wp:attachment":[{"href":"https:\/\/www.biblioteka-strumien.pl\/index.php\/wp-json\/wp\/v2\/media?parent=18108"}],"curies":[{"name":"wp","href":"https:\/\/api.w.org\/{rel}","templated":true}]}}