{"id":21329,"date":"2026-04-25T16:35:06","date_gmt":"2026-04-25T14:35:06","guid":{"rendered":"https:\/\/www.biblioteka-strumien.pl\/?page_id=21329"},"modified":"2026-04-26T18:36:18","modified_gmt":"2026-04-26T16:36:18","slug":"strona-glowna","status":"publish","type":"page","link":"https:\/\/www.biblioteka-strumien.pl\/","title":{"rendered":"Strona g\u0142\u00f3wna"},"content":{"rendered":"<style>.kb-row-layout-id21329_0b522b-dc > .kt-row-column-wrap{align-content:start;}:where(.kb-row-layout-id21329_0b522b-dc > .kt-row-column-wrap) > .wp-block-kadence-column{justify-content:start;}.kb-row-layout-id21329_0b522b-dc > .kt-row-column-wrap{column-gap:var(--global-kb-gap-md, 2rem);row-gap:var(--global-kb-gap-md, 2rem);max-width:var( --global-content-width, 1280px );padding-left:var(--global-content-edge-padding);padding-right:var(--global-content-edge-padding);padding-top:var(--global-kb-spacing-sm, 1.5rem);padding-bottom:var(--global-kb-spacing-sm, 1.5rem);grid-template-columns:minmax(0, 2fr) minmax(0, 1fr);}.kb-row-layout-id21329_0b522b-dc > .kt-row-layout-overlay{opacity:0.30;}@media all and (max-width: 1024px){.kb-row-layout-id21329_0b522b-dc > .kt-row-column-wrap{grid-template-columns:minmax(0, 2fr) minmax(0, 1fr);}}@media all and (max-width: 767px){.kb-row-layout-id21329_0b522b-dc > .kt-row-column-wrap{grid-template-columns:minmax(0, 1fr);}}<\/style><div class=\"kb-row-layout-wrap kb-row-layout-id21329_0b522b-dc alignnone wp-block-kadence-rowlayout\"><div class=\"kt-row-column-wrap kt-has-2-columns kt-row-layout-left-golden kt-tab-layout-inherit kt-mobile-layout-row kt-row-valign-top kb-theme-content-width\">\n<style>.kadence-column21329_d579e5-c2 > .kt-inside-inner-col,.kadence-column21329_d579e5-c2 > .kt-inside-inner-col:before{border-top-left-radius:0px;border-top-right-radius:0px;border-bottom-right-radius:0px;border-bottom-left-radius:0px;}.kadence-column21329_d579e5-c2 > .kt-inside-inner-col{column-gap:var(--global-kb-gap-sm, 1rem);}.kadence-column21329_d579e5-c2 > .kt-inside-inner-col{flex-direction:column;}.kadence-column21329_d579e5-c2 > .kt-inside-inner-col > .aligncenter{width:100%;}.kadence-column21329_d579e5-c2 > .kt-inside-inner-col:before{opacity:0.3;}.kadence-column21329_d579e5-c2{position:relative;}@media all and (max-width: 1024px){.kadence-column21329_d579e5-c2 > .kt-inside-inner-col{flex-direction:column;justify-content:center;}}@media all and (max-width: 767px){.kadence-column21329_d579e5-c2 > .kt-inside-inner-col{flex-direction:column;justify-content:center;}}<\/style>\n<div class=\"wp-block-kadence-column kadence-column21329_d579e5-c2\"><div class=\"kt-inside-inner-col\">\n<div class=\"wp-block-query is-layout-flow wp-block-query-is-layout-flow\"><ul class=\"wp-block-post-template is-layout-flow wp-block-post-template-is-layout-flow\"><li class=\"wp-block-post post-19554 post type-post status-publish format-standard has-post-thumbnail hentry category-aktualnosci\">\n\n<div class=\"wp-block-columns are-vertically-aligned-center is-layout-flex wp-container-core-columns-is-layout-9d6595d7 wp-block-columns-is-layout-flex\">\n<div class=\"wp-block-column is-vertically-aligned-center is-layout-flow wp-block-column-is-layout-flow\" style=\"flex-basis:25%\"><figure class=\"wp-block-post-featured-image\"><a href=\"https:\/\/www.biblioteka-strumien.pl\/index.php\/2026\/04\/24\/zeganamy\/\" target=\"_self\"  ><img loading=\"lazy\" decoding=\"async\" width=\"557\" height=\"580\" src=\"https:\/\/www.biblioteka-strumien.pl\/wp-content\/uploads\/2026\/04\/c3fd8cdf-2d6a-4c3a-9b61-973dca487a23-Edited1.jpg\" class=\"attachment-post-thumbnail size-post-thumbnail wp-post-image\" alt=\"\u017bEGANAMY\" style=\"object-fit:cover;\" srcset=\"https:\/\/www.biblioteka-strumien.pl\/wp-content\/uploads\/2026\/04\/c3fd8cdf-2d6a-4c3a-9b61-973dca487a23-Edited1.jpg 557w, https:\/\/www.biblioteka-strumien.pl\/wp-content\/uploads\/2026\/04\/c3fd8cdf-2d6a-4c3a-9b61-973dca487a23-Edited1-384x400.jpg 384w, https:\/\/www.biblioteka-strumien.pl\/wp-content\/uploads\/2026\/04\/c3fd8cdf-2d6a-4c3a-9b61-973dca487a23-Edited1-144x150.jpg 144w\" sizes=\"auto, (max-width: 557px) 100vw, 557px\" \/><\/a><\/figure><\/div>\n\n\n\n<div class=\"wp-block-column is-vertically-aligned-center is-layout-flow wp-block-column-is-layout-flow\" style=\"flex-basis:75%\"><h2 class=\"wp-block-post-title\"><a href=\"https:\/\/www.biblioteka-strumien.pl\/index.php\/2026\/04\/24\/zeganamy\/\" target=\"_self\" >\u017bEGANAMY<\/a><\/h2><\/div>\n<\/div>\n\n<\/li><\/ul><\/div>\n\n\n\n<div class=\"wp-block-query is-layout-flow wp-block-query-is-layout-flow\"><ul style=\"font-style:normal;font-weight:300;\" class=\"columns-3 wp-block-post-template has-small-font-size is-layout-grid wp-container-core-post-template-is-layout-2fc57c17 wp-block-post-template-is-layout-grid\"><li class=\"wp-block-post post-19544 post type-post status-publish format-standard has-post-thumbnail hentry category-filia-w-pruchnej\">\n\n<div class=\"wp-block-group\" style=\"padding-top:30px;padding-right:30px;padding-bottom:30px;padding-left:30px\"><div class=\"wp-block-group__inner-container is-layout-flow wp-block-group-is-layout-flow\"><h2 class=\"wp-block-post-title\"><a href=\"https:\/\/www.biblioteka-strumien.pl\/index.php\/2026\/04\/17\/spotkanie-z-klasa-3-i-4-w-bakowie\/\" target=\"_self\" >SPOTKANIE Z KLAS\u0104 3 I 4 W B\u0104KOWIE<\/a><\/h2>\n\n<div class=\"wp-block-post-excerpt\"><p class=\"wp-block-post-excerpt__excerpt\">17 kwietnia wsp\u00f3lnie z uczniami klasy trzeciej i czwartej Zespo\u0142u Szkolno-Przedszkolnego w B\u0105kowie wyruszyli\u015bmy w niesamowit\u0105 podr\u00f3\u017c, za spraw\u0105 ksi\u0105\u017cki \u0141ukasza Wierzbickiego \u201eWok\u00f3\u0142 \u015bwiata na wariata\u201d. <\/p><\/div>\n\n<div class=\"wp-block-post-date\"><time datetime=\"2026-04-17T14:18:30+02:00\">17 kwietnia, 2026<\/time><\/div><\/div><\/div>\n\n<\/li><li class=\"wp-block-post post-19534 post type-post status-publish format-standard has-post-thumbnail hentry category-filia-w-pruchnej\">\n\n<div class=\"wp-block-group\" style=\"padding-top:30px;padding-right:30px;padding-bottom:30px;padding-left:30px\"><div class=\"wp-block-group__inner-container is-layout-flow wp-block-group-is-layout-flow\"><h2 class=\"wp-block-post-title\"><a href=\"https:\/\/www.biblioteka-strumien.pl\/index.php\/2026\/04\/17\/wiosenna-wizyta-maluszkow\/\" target=\"_self\" >WIOSENNA WIZYTA MALUSZK\u00d3W<\/a><\/h2>\n\n<div class=\"wp-block-post-excerpt\"><p class=\"wp-block-post-excerpt__excerpt\">\u201eWilu\u015b i kolory\u201d to bajka o wilczku, kt\u00f3r\u0105 dzi\u015b wsp\u00f3lnie odkrywali\u015bmy razem z Maluszkami (grupa \u201eJe\u017cyki\u201d) z Przedszkola w Pruchnej. <\/p><\/div>\n\n<div class=\"wp-block-post-date\"><time datetime=\"2026-04-17T14:13:01+02:00\">17 kwietnia, 2026<\/time><\/div><\/div><\/div>\n\n<\/li><li class=\"wp-block-post post-19375 post type-post status-publish format-standard has-post-thumbnail hentry category-aktualnosci\">\n\n<div class=\"wp-block-group\" style=\"padding-top:30px;padding-right:30px;padding-bottom:30px;padding-left:30px\"><div class=\"wp-block-group__inner-container is-layout-flow wp-block-group-is-layout-flow\"><h2 class=\"wp-block-post-title\"><a href=\"https:\/\/www.biblioteka-strumien.pl\/index.php\/2026\/04\/13\/ogloszenie-o-naborze\/\" target=\"_self\" >NAB\u00d3R NA STANOWISKO G\u0141\u00d3WNEGO  KSI\u0118GOWEGO (KOBIETA\/M\u0118\u017bCZYZNA)<\/a><\/h2>\n\n<div class=\"wp-block-post-excerpt\"><p class=\"wp-block-post-excerpt__excerpt\">Dyrektor Miejskiej Biblioteki Publicznej w Strumieniu og\u0142asza nab\u00f3r na wolne stanowisko pracy G\u0142\u00f3wny Ksi\u0119gowy &#8211; Miejska Biblioteka Publiczna w Strumieniu (kobieta\/m\u0119\u017cczyzna ) 1\/2 etatu <\/p><\/div>\n\n<div class=\"wp-block-post-date\"><time datetime=\"2026-04-13T10:43:57+02:00\">13 kwietnia, 2026<\/time><\/div><\/div><\/div>\n\n<\/li><li class=\"wp-block-post post-19504 post type-post status-publish format-standard has-post-thumbnail hentry category-filia-w-zbytkowie\">\n\n<div class=\"wp-block-group\" style=\"padding-top:30px;padding-right:30px;padding-bottom:30px;padding-left:30px\"><div class=\"wp-block-group__inner-container is-layout-flow wp-block-group-is-layout-flow\"><h2 class=\"wp-block-post-title\"><a href=\"https:\/\/www.biblioteka-strumien.pl\/index.php\/2026\/03\/31\/wielkanocna-wizyta-przedszkolakow\/\" target=\"_self\" >WIELKANOCNA WIZYTA PRZEDSZKOLAK\u00d3W<\/a><\/h2>\n\n<div class=\"wp-block-post-excerpt\"><p class=\"wp-block-post-excerpt__excerpt\">W minionym tygodniu na lekcji bibliotecznej go\u015bcili\u015bmy grup\u0119 starszak\u00f3w z Przedszkola w Zbytkowie. <\/p><\/div>\n\n<div class=\"wp-block-post-date\"><time datetime=\"2026-03-31T13:05:38+02:00\">31 marca, 2026<\/time><\/div><\/div><\/div>\n\n<\/li><li class=\"wp-block-post post-19485 post type-post status-publish format-standard has-post-thumbnail hentry category-filia-w-zbytkowie\">\n\n<div class=\"wp-block-group\" style=\"padding-top:30px;padding-right:30px;padding-bottom:30px;padding-left:30px\"><div class=\"wp-block-group__inner-container is-layout-flow wp-block-group-is-layout-flow\"><h2 class=\"wp-block-post-title\"><a href=\"https:\/\/www.biblioteka-strumien.pl\/index.php\/2026\/03\/31\/dekoracje-wielkanocne\/\" target=\"_self\" >DEKORACJE WIELKANOCNE<\/a><\/h2>\n\n<div class=\"wp-block-post-excerpt\"><p class=\"wp-block-post-excerpt__excerpt\">W tym tygodniu w bibliotece powsta\u0142y pi\u0119kne wielkanocne dekoracje autorstwa dzieci ze zbytkowskiej \u015awietlicy. <\/p><\/div>\n\n<div class=\"wp-block-post-date\"><time datetime=\"2026-03-31T12:40:10+02:00\">31 marca, 2026<\/time><\/div><\/div><\/div>\n\n<\/li><li class=\"wp-block-post post-19475 post type-post status-publish format-standard has-post-thumbnail hentry category-filia-w-pruchnej\">\n\n<div class=\"wp-block-group\" style=\"padding-top:30px;padding-right:30px;padding-bottom:30px;padding-left:30px\"><div class=\"wp-block-group__inner-container is-layout-flow wp-block-group-is-layout-flow\"><h2 class=\"wp-block-post-title\"><a href=\"https:\/\/www.biblioteka-strumien.pl\/index.php\/2026\/03\/31\/wielkanocne-dekoracje\/\" target=\"_self\" >WIELKANOCNE DEKORACJE<\/a><\/h2>\n\n<div class=\"wp-block-post-excerpt\"><p class=\"wp-block-post-excerpt__excerpt\">W minionym tygodniu na zaj\u0119ciach w bibliotece dzieci zrobi\u0142y pi\u0119kne wielkanocne dekoracje z \u017cyczeniami dla bliskich. <\/p><\/div>\n\n<div class=\"wp-block-post-date\"><time datetime=\"2026-03-31T12:32:41+02:00\">31 marca, 2026<\/time><\/div><\/div><\/div>\n\n<\/li><\/ul><\/div>\n<\/div><\/div>\n\n\n<style>.kadence-column21329_de10dd-32 > .kt-inside-inner-col,.kadence-column21329_de10dd-32 > .kt-inside-inner-col:before{border-top-left-radius:0px;border-top-right-radius:0px;border-bottom-right-radius:0px;border-bottom-left-radius:0px;}.kadence-column21329_de10dd-32 > .kt-inside-inner-col{column-gap:var(--global-kb-gap-sm, 1rem);}.kadence-column21329_de10dd-32 > .kt-inside-inner-col{flex-direction:column;}.kadence-column21329_de10dd-32 > .kt-inside-inner-col > .aligncenter{width:100%;}.kadence-column21329_de10dd-32 > .kt-inside-inner-col:before{opacity:0.3;}.kadence-column21329_de10dd-32{position:relative;}@media all and (max-width: 1024px){.kadence-column21329_de10dd-32 > .kt-inside-inner-col{flex-direction:column;justify-content:center;}}@media all and (max-width: 767px){.kadence-column21329_de10dd-32 > .kt-inside-inner-col{flex-direction:column;justify-content:center;}}<\/style>\n<div class=\"wp-block-kadence-column kadence-column21329_de10dd-32\"><div class=\"kt-inside-inner-col\">\n<div  class=\"tribe-compatibility-container\" >\n\t<div\n\t\t class=\"tribe-common tribe-events tribe-events-view tribe-events-view--widget-events-list tribe-events-widget\" \t\tdata-js=\"tribe-events-view\"\n\t\tdata-view-rest-url=\"https:\/\/www.biblioteka-strumien.pl\/index.php\/wp-json\/tribe\/views\/v2\/html\"\n\t\tdata-view-manage-url=\"1\"\n\t\t\t\t\t\t\tdata-view-breakpoint-pointer=\"a4e675db-63d8-40b8-a479-c2e7f56935bd\"\n\t\t\t>\n\t\t<div class=\"tribe-events-widget-events-list\">\n\n\t\t\t\n\t\t\t<script data-js=\"tribe-events-view-data\" type=\"application\/json\">\n\t{\"slug\":\"widget-events-list\",\"prev_url\":\"\",\"next_url\":\"\",\"view_class\":\"Tribe\\\\Events\\\\Views\\\\V2\\\\Views\\\\Widgets\\\\Widget_List_View\",\"view_slug\":\"widget-events-list\",\"view_label\":\"View\",\"view\":null,\"should_manage_url\":true,\"id\":null,\"alias-slugs\":null,\"title\":\"Nadchodz\\u0105ce Wydarzenia \\u2013 Miejska Biblioteka Publiczna w Strumieniu\",\"limit\":\"5\",\"no_upcoming_events\":false,\"featured_events_only\":false,\"jsonld_enable\":true,\"tribe_is_list_widget\":false,\"admin_fields\":{\"title\":{\"label\":\"Nazwa:\",\"type\":\"text\",\"parent_classes\":\"\",\"classes\":\"\",\"dependency\":\"\",\"id\":\"widget-tribe-widget-events-list--1-title\",\"name\":\"widget-tribe-widget-events-list[-1][title]\",\"options\":[],\"placeholder\":\"\",\"value\":null},\"limit\":{\"label\":\"Poka\\u017c:\",\"type\":\"number\",\"default\":5,\"min\":1,\"max\":10,\"step\":1,\"parent_classes\":\"\",\"classes\":\"\",\"dependency\":\"\",\"id\":\"widget-tribe-widget-events-list--1-limit\",\"name\":\"widget-tribe-widget-events-list[-1][limit]\",\"options\":[],\"placeholder\":\"\",\"value\":null},\"no_upcoming_events\":{\"label\":\"Ukryj ten wid\\u017cet, je\\u015bli nie ma nadchodz\\u0105cych wydarze\\u0144.\",\"type\":\"checkbox\",\"parent_classes\":\"\",\"classes\":\"\",\"dependency\":\"\",\"id\":\"widget-tribe-widget-events-list--1-no_upcoming_events\",\"name\":\"widget-tribe-widget-events-list[-1][no_upcoming_events]\",\"options\":[],\"placeholder\":\"\",\"value\":null},\"featured_events_only\":{\"label\":\"Ogranicz tylko do promowanych wydarze\\u0144\",\"type\":\"checkbox\",\"parent_classes\":\"\",\"classes\":\"\",\"dependency\":\"\",\"id\":\"widget-tribe-widget-events-list--1-featured_events_only\",\"name\":\"widget-tribe-widget-events-list[-1][featured_events_only]\",\"options\":[],\"placeholder\":\"\",\"value\":null},\"jsonld_enable\":{\"label\":\"Generuj dane JSON-LD\",\"type\":\"checkbox\",\"parent_classes\":\"\",\"classes\":\"\",\"dependency\":\"\",\"id\":\"widget-tribe-widget-events-list--1-jsonld_enable\",\"name\":\"widget-tribe-widget-events-list[-1][jsonld_enable]\",\"options\":[],\"placeholder\":\"\",\"value\":null}},\"events\":[],\"url\":\"https:\\\/\\\/www.biblioteka-strumien.pl\\\/?post_type=tribe_events&eventDisplay=widget-events-list\",\"url_event_date\":false,\"bar\":{\"keyword\":\"\",\"date\":\"\"},\"today\":\"2026-04-27 00:00:00\",\"now\":\"2026-04-27 14:44:34\",\"home_url\":\"https:\\\/\\\/www.biblioteka-strumien.pl\",\"rest_url\":\"https:\\\/\\\/www.biblioteka-strumien.pl\\\/index.php\\\/wp-json\\\/tribe\\\/views\\\/v2\\\/html\",\"rest_method\":\"GET\",\"rest_nonce\":\"\",\"today_url\":\"https:\\\/\\\/www.biblioteka-strumien.pl\\\/?post_type=tribe_events&eventDisplay=widget-events-list&rest_route=%2Fwp%2Fv2%2Fpages%2F21329\",\"today_title\":\"Kliknij, aby wybra\\u0107 dzisiejsz\\u0105 dat\\u0119\",\"today_label\":\"Dzisiaj\",\"prev_label\":\"\",\"next_label\":\"\",\"date_formats\":{\"compact\":\"n\\\/j\\\/Y\",\"month_and_year_compact\":\"n\\\/j\\\/Y\",\"month_and_year\":\"F Y\",\"time_range_separator\":\" - \",\"date_time_separator\":\" @ \"},\"messages\":{\"notice\":[\"Brak nadchodz\\u0105cych wydarzenia.\"]},\"start_of_week\":\"1\",\"header_title\":\"\",\"header_title_element\":\"h1\",\"content_title\":\"\",\"show_content_title\":false,\"breadcrumbs\":[],\"backlink\":false,\"before_events\":\"\",\"after_events\":\"\\n<!--\\nThis calendar is powered by The Events Calendar.\\nhttp:\\\/\\\/evnt.is\\\/18wn\\n-->\\n\",\"display_events_bar\":false,\"disable_event_search\":false,\"live_refresh\":true,\"ical\":{\"display_link\":true,\"link\":{\"url\":\"https:\\\/\\\/www.biblioteka-strumien.pl\\\/?post_type=tribe_events&#038;eventDisplay=widget-events-list&#038;ical=1\",\"text\":\"Eksportuj Wydarzenia\",\"title\":\"U\\u017cyj tego, aby udost\\u0119pnia\\u0107 dane kalendarza Kalendarzowi Google, Apple iCal i innym zgodnym aplikacjom\"}},\"container_classes\":[\"tribe-common\",\"tribe-events\",\"tribe-events-view\",\"tribe-events-view--widget-events-list\",\"tribe-events-widget\"],\"container_data\":[],\"is_past\":false,\"breakpoints\":{\"xsmall\":500,\"medium\":768,\"full\":960},\"breakpoint_pointer\":\"a4e675db-63d8-40b8-a479-c2e7f56935bd\",\"is_initial_load\":false,\"public_views\":{\"list\":{\"view_class\":\"Tribe\\\\Events\\\\Views\\\\V2\\\\Views\\\\List_View\",\"view_url\":\"https:\\\/\\\/www.biblioteka-strumien.pl\\\/events\\\/lista\\\/\",\"view_label\":\"Lista\",\"aria_label\":\"Wy\\u015bwietl Wydarzenia w widoku Lista\"},\"month\":{\"view_class\":\"Tribe\\\\Events\\\\Views\\\\V2\\\\Views\\\\Month_View\",\"view_url\":\"https:\\\/\\\/www.biblioteka-strumien.pl\\\/events\\\/miesiac\\\/\",\"view_label\":\"Miesi\\u0105c\",\"aria_label\":\"Wy\\u015bwietl Wydarzenia w widoku Miesi\\u0105c\"},\"day\":{\"view_class\":\"Tribe\\\\Events\\\\Views\\\\V2\\\\Views\\\\Day_View\",\"view_url\":\"https:\\\/\\\/www.biblioteka-strumien.pl\\\/events\\\/dzisiaj\\\/\",\"view_label\":\"Dzie\\u0144\",\"aria_label\":\"Wy\\u015bwietl Wydarzenia w widoku Dzie\\u0144\"}},\"show_latest_past\":false,\"past\":false,\"compatibility_classes\":[\"tribe-compatibility-container\"],\"view_more_text\":\"Zobacz kalendarz\",\"view_more_title\":\"Zobacz wi\\u0119cej wydarzenia.\",\"view_more_link\":\"https:\\\/\\\/www.biblioteka-strumien.pl\\\/events\\\/\",\"widget_title\":\"Nadchodz\\u0105ce wydarzenia\",\"hide_if_no_upcoming_events\":false,\"display\":[],\"subscribe_links\":{\"gcal\":{\"label\":\"Kalendarz Google\",\"single_label\":\"Dodaj do kalendarza Google\",\"visible\":true,\"block_slug\":\"hasGoogleCalendar\"},\"ical\":{\"label\":\"iKalendarz\",\"single_label\":\"Dodaj do iCalendar\",\"visible\":true,\"block_slug\":\"hasiCal\"},\"outlook-365\":{\"label\":\"Outlook 365\",\"single_label\":\"Outlook 365\",\"visible\":true,\"block_slug\":\"hasOutlook365\"},\"outlook-live\":{\"label\":\"Outlook na \\u017cywo\",\"single_label\":\"Outlook na \\u017cywo\",\"visible\":true,\"block_slug\":\"hasOutlookLive\"},\"ics\":{\"label\":\"Eksportuj jako plik .ics\",\"single_label\":\"Eksportuj jako plik .ics\",\"visible\":true,\"block_slug\":null},\"outlook-ics\":{\"label\":\"Eksportuj plik Outlook .ics\",\"single_label\":\"Eksportuj plik Outlook .ics\",\"visible\":true,\"block_slug\":null}},\"_context\":{\"slug\":\"widget-events-list\"}}<\/script>\n\n\t\t\t\t\t\t\t<header class=\"tribe-events-widget-events-list__header\">\n\t\t\t\t\t<h2 class=\"tribe-events-widget-events-list__header-title tribe-common-h6 tribe-common-h--alt\">\n\t\t\t\t\t\tNadchodz\u0105ce wydarzenia\t\t\t\t\t<\/h2>\n\t\t\t\t<\/header>\n\t\t\t\n\t\t\t\n\t\t\t\t<div  class=\"tribe-events-header__messages tribe-events-c-messages tribe-common-b2\"  >\n\t\t\t<div class=\"tribe-events-c-messages__message tribe-events-c-messages__message--notice\" tabindex=\"0\" role=\"alert\" aria-live=\"assertive\">\n\t\t\t<svg\n\t class=\"tribe-common-c-svgicon tribe-common-c-svgicon--messages-not-found tribe-events-c-messages__message-icon-svg\" \taria-hidden=\"true\"\n\tviewBox=\"0 0 21 23\"\n\txmlns=\"http:\/\/www.w3.org\/2000\/svg\"\n>\n\t<g fill-rule=\"evenodd\">\n\t\t<path d=\"M.5 2.5h20v20H.5z\"\/>\n\t\t<path stroke-linecap=\"round\" d=\"M7.583 11.583l5.834 5.834m0-5.834l-5.834 5.834\" class=\"tribe-common-c-svgicon__svg-stroke\"\/>\n\t\t<path stroke-linecap=\"round\" d=\"M4.5.5v4m12-4v4\"\/>\n\t\t<path stroke-linecap=\"square\" d=\"M.5 7.5h20\"\/>\n\t<\/g>\n<\/svg>\n<span class=\"tribe-common-a11y-visual-hide\">\n\tPowiadomienie<\/span>\n\t\t\t\t\t\t\t<div\n\t\t\t\t\t data-key=\"0\" >\n\t\t\t\t\tBrak nadchodz\u0105cych wydarzenia.\t\t\t\t<\/div>\n\t\t\t\t\t<\/div>\n\t<\/div>\n\n\t\t\t\t\t<\/div>\n\t<\/div>\n<\/div>\n<script data-js='tribe-events-view-nonce-data' type='application\/json'>{\"tvn1\":\"5efee03e7f\",\"tvn2\":\"\"}<\/script>\n\n\n<div class=\"mbp-liczniki\"><div class=\"licznik\"><div class=\"nazwa\">Ksi\u0105\u017cki<\/div><div class=\"wartosc\" data-count=\"47350\">0<\/div><\/div><div class=\"licznik\"><div class=\"nazwa\">Multimedia<\/div><div class=\"wartosc\" data-count=\"1486\">0<\/div><\/div><div class=\"licznik\"><div class=\"nazwa\">Egzemplarze<\/div><div class=\"wartosc\" data-count=\"48466\">0<\/div><\/div><div class=\"licznik\"><div class=\"nazwa\">Wypo\u017cyczenia<\/div><div class=\"wartosc\" data-count=\"283997\">0<\/div><\/div><\/div>\n<script>\ndocument.addEventListener(\"DOMContentLoaded\", function () {\n    const el = document.querySelectorAll(\".wartosc\");\n\n    el.forEach(e => {\n        let target = +e.dataset.count;\n        let i = 0;\n        let step = Math.ceil(target\/100);\n\n        let inter = setInterval(()=>{\n            i += step;\n            if(i >= target){\n                e.innerText = target.toLocaleString(\"pl-PL\");\n                clearInterval(inter);\n            } else {\n                e.innerText = i.toLocaleString(\"pl-PL\");\n            }\n        },20);\n    });\n});\n<\/script>\n<\/div><\/div>\n\n<\/div><\/div>\n\n\n<p><\/p>\n\n\n<link rel=\"stylesheet\" href=\"https:\/\/cdn.jsdelivr.net\/npm\/swiper@10\/swiper-bundle.min.css\" \/><script src=\"https:\/\/cdn.jsdelivr.net\/npm\/swiper@10\/swiper-bundle.min.js\"><\/script><div class=\"swiper mbpSwiper\"><div class=\"swiper-wrapper\"><div class=\"swiper-slide\"><div class=\"book\"><img decoding=\"async\" src=\"\/katalog\/okladki\/ISBN\/8366\/m8366977498.jpg\" alt=\"\"><div class=\"opis\"><strong>Mason, Susan Anne.<\/strong><br>Wymarzony dom<\/div><\/div><\/div><div class=\"swiper-slide\"><div class=\"book\"><img decoding=\"async\" src=\"\/katalog\/okladki\/ISBN\/8381\/m8381884276.jpg\" alt=\"\"><div class=\"opis\"><strong>Cook, Robin<\/strong><br>Wirus<\/div><\/div><\/div><div class=\"swiper-slide\"><div class=\"book\"><img decoding=\"async\" src=\"\/katalog\/okladki\/ISBN\/8383\/m8383298471.jpg\" alt=\"\"><div class=\"opis\"><strong>Rogozi\u0144ski, Alek.<\/strong><br>Te\u015bciowe i fa\u0142szywy papie\u017c<\/div><\/div><\/div><div class=\"swiper-slide\"><div class=\"book\"><img decoding=\"async\" src=\"\/katalog\/okladki\/ISBN\/8381\/m8381352088.jpg\" alt=\"\"><div class=\"opis\"><strong>Hoover, Colleen.<\/strong><br>Szukaj\u0105c Kopciuszka ; Znajduj\u0105c szcz\u0119\u015bcie<\/div><\/div><\/div><div class=\"swiper-slide\"><div class=\"book\"><img decoding=\"async\" src=\"\/katalog\/okladki\/ISBN\/8383\/m8383298455.jpg\" alt=\"\"><div class=\"opis\"><strong>Piasecka, Wioletta<\/strong><br>Przerwana m\u0142odo\u015b\u0107<\/div><\/div><\/div><div class=\"swiper-slide\"><div class=\"book\"><img decoding=\"async\" src=\"\/katalog\/okladki\/ISBN\/8368\/m8368304067.jpg\" alt=\"\"><div class=\"opis\"><strong>Hunter, Denise<\/strong><br>Opowiedz mi o nas<\/div><\/div><\/div><div class=\"swiper-slide\"><div class=\"book\"><img decoding=\"async\" src=\"\/katalog\/okladki\/ISBN\/8383\/m8383383185.jpg\" alt=\"\"><div class=\"opis\"><strong>Minier, Bernard.<\/strong><br>Niewidzialne<\/div><\/div><\/div><div class=\"swiper-slide\"><div class=\"book\"><img decoding=\"async\" src=\"\/katalog\/okladki\/ISBN\/8308\/m8308081932.jpg\" alt=\"\"><div class=\"opis\"><strong>Harari, Yuval Noah<\/strong><br>Niepowstrzymani. 2, Dlaczego \u015bwiat nie jest sprawiedliwy<\/div><\/div><\/div><div class=\"swiper-slide\"><div class=\"book\"><img decoding=\"async\" src=\"\/katalog\/okladki\/ISBN\/8383\/m8383911734.jpg\" alt=\"\"><div class=\"opis\"><strong>King, Stephen<\/strong><br>Nie wymi\u0119kaj<\/div><\/div><\/div><div class=\"swiper-slide\"><div class=\"book\"><img decoding=\"async\" src=\"\/katalog\/okladki\/ISBN\/8368\/m8368364078.jpg\" alt=\"\"><div class=\"opis\"><strong>Nowak, Joanna<\/strong><br>Nadzieja po\u015br\u00f3d ruin<\/div><\/div><\/div><\/div>\r\n<div class=\"swiper-button-next\"><\/div>\r\n<div class=\"swiper-button-prev\"><\/div>\r\n<\/div>\n    <script>\n    document.addEventListener(\"DOMContentLoaded\", function () {\n        new Swiper(\".mbpSwiper\", {\n            slidesPerView: 2,\n            spaceBetween: 10,\n            loop: true,\n            autoplay: {\n                delay: 3000,\n            },\n            navigation: {\n                nextEl: \".swiper-button-next\",\n                prevEl: \".swiper-button-prev\",\n            },\n            breakpoints: {\n                480: { slidesPerView: 3 },\n                768: { slidesPerView: 4 },\n                1024: { slidesPerView: 5 }\n            }\n        });\n    });\n    <\/script>\n\n\n\n<p><\/p>\n","protected":false},"excerpt":{"rendered":"","protected":false},"author":1,"featured_media":21437,"parent":0,"menu_order":0,"comment_status":"closed","ping_status":"closed","template":"","meta":{"ngg_post_thumbnail":0,"_kad_post_transparent":"","_kad_post_title":"","_kad_post_layout":"","_kad_post_sidebar_id":"","_kad_post_content_style":"","_kad_post_vertical_padding":"","_kad_post_feature":"","_kad_post_feature_position":"","_kad_post_header":false,"_kad_post_footer":false,"_kad_post_classname":"","footnotes":""},"class_list":["post-21329","page","type-page","status-publish","has-post-thumbnail","hentry"],"_links":{"self":[{"href":"https:\/\/www.biblioteka-strumien.pl\/index.php\/wp-json\/wp\/v2\/pages\/21329","targetHints":{"allow":["GET"]}}],"collection":[{"href":"https:\/\/www.biblioteka-strumien.pl\/index.php\/wp-json\/wp\/v2\/pages"}],"about":[{"href":"https:\/\/www.biblioteka-strumien.pl\/index.php\/wp-json\/wp\/v2\/types\/page"}],"author":[{"embeddable":true,"href":"https:\/\/www.biblioteka-strumien.pl\/index.php\/wp-json\/wp\/v2\/users\/1"}],"replies":[{"embeddable":true,"href":"https:\/\/www.biblioteka-strumien.pl\/index.php\/wp-json\/wp\/v2\/comments?post=21329"}],"version-history":[{"count":35,"href":"https:\/\/www.biblioteka-strumien.pl\/index.php\/wp-json\/wp\/v2\/pages\/21329\/revisions"}],"predecessor-version":[{"id":21446,"href":"https:\/\/www.biblioteka-strumien.pl\/index.php\/wp-json\/wp\/v2\/pages\/21329\/revisions\/21446"}],"wp:featuredmedia":[{"embeddable":true,"href":"https:\/\/www.biblioteka-strumien.pl\/index.php\/wp-json\/wp\/v2\/media\/21437"}],"wp:attachment":[{"href":"https:\/\/www.biblioteka-strumien.pl\/index.php\/wp-json\/wp\/v2\/media?parent=21329"}],"curies":[{"name":"wp","href":"https:\/\/api.w.org\/{rel}","templated":true}]}}